{"id":393,"date":"2020-09-25T10:24:45","date_gmt":"2020-09-25T08:24:45","guid":{"rendered":"https:\/\/ants-humancapital.ro\/?page_id=393"},"modified":"2020-10-23T15:47:03","modified_gmt":"2020-10-23T13:47:03","slug":"about","status":"publish","type":"page","link":"https:\/\/ants-humancapital.ro\/en\/about\/","title":{"rendered":"About"},"content":{"rendered":"<p>[vc_row careerfy_container=&#8221;wide&#8221; css=&#8221;.vc_custom_1603096641886{padding-top: 5% !important;padding-bottom: 5% !important;}&#8221;][vc_column css_animation=&#8221;fadeInUp&#8221;][vc_column_text]<\/p>\n<h3 style=\"text-align: center;\">We are looking for the needle in the haystack and we find it!<\/h3>\n<h3 style=\"text-align: center;\">We believe authentic talents could be found anywhere!<\/h3>\n<p>[\/vc_column_text][\/vc_column][\/vc_row][vc_row careerfy_container=&#8221;wide&#8221; css=&#8221;.vc_custom_1603096612641{padding-right: 5% !important;padding-bottom: 3% !important;padding-left: 10% !important;}&#8221;][vc_column css_animation=&#8221;fadeInUp&#8221; width=&#8221;1\/2&#8243; css=&#8221;.vc_custom_1602161398790{padding-top: 5% !important;}&#8221;][vc_column_text]<\/p>\n<p style=\"text-align: justify !important;\" class=\" translation-block\">ANTS Human Capital is a professional staffing firm specializing in placement of candidates in permanent positions in various fields including IT, Financial Services, Accounting and Finance, Project Management, HR, Payroll, Administrative, Legal Professionals, Business Process Outsourcing, Pharmaceutical, and other roles.\n<br>We are a team of HR specialists guided by our client\u2019s needs, tailoring customized solutions.<br>\nAnts Human Capital\u2019s mission is to excel in everything we do and build trustworthy relationships to our partners - job seeker and employers likewise.<\/p>\n<p>[\/vc_column_text][\/vc_column][vc_column width=&#8221;1\/2&#8243;][vc_single_image image=&#8221;41&#8243; img_size=&#8221;large&#8221; alignment=&#8221;center&#8221; css_animation=&#8221;fadeInUp&#8221;][\/vc_column][\/vc_row][vc_row css=&#8221;.vc_custom_1603106377394{padding-top: 5% !important;padding-bottom: 3% !important;background-color: #dfe2e2 !important;}&#8221;][vc_column width=&#8221;1\/3&#8243; css=&#8221;.vc_custom_1602163427737{padding-right: 5% !important;}&#8221;][vc_single_image image=&#8221;576&#8243; img_size=&#8221;large&#8221; alignment=&#8221;center&#8221; css_animation=&#8221;fadeInLeft&#8221;][\/vc_column][vc_column css_animation=&#8221;fadeInRight&#8221; width=&#8221;2\/3&#8243; css=&#8221;.vc_custom_1602163360402{padding-top: 5% !important;}&#8221;][vc_column_text]<\/p>\n<h2>Our team<\/h2>\n<p style=\"text-align: justify !important;\" class=\" translation-block\">We are a team of HR specialists guided by our client\u2019s needs, tailoring customized solutions.\n<br>Ants Human Capital\u2019s mission is to excel in everything we do and build trustworthy relationships to our partners - job seeker and employers likewise.<\/p>\n<p>[\/vc_column_text]        <div class=\"row\">\r\n            <div class=\"col-md-12 careerfy-typo-wrap\">\r\n                <div class=\"careerfy-about-text\">\r\n                                        <p style=\"color: #000000;\"><\/p>\r\n                                            <a href=\"https:\/\/ants-humancapital.ro\/en\/team\/\"\r\n                           class=\"careerfy-static-btn careerfy-bgcolor\"><span>Our team<\/span><\/a>\r\n                                        <\/div>\r\n            <\/div>\r\n                    <\/div>\r\n        [\/vc_column][\/vc_row][vc_row css=&#8221;.vc_custom_1603096605795{padding-top: 5% !important;padding-bottom: 3% !important;}&#8221;][vc_column css_animation=&#8221;fadeInLeft&#8221; width=&#8221;2\/3&#8243; css=&#8221;.vc_custom_1602163307728{padding-top: 5% !important;}&#8221;][vc_column_text]<\/p>\n<h2>Our values<\/h2>\n<p style=\"text-align: justify !important;\">ANTS Human Capital is a professional staffing firm specializing in placement of candidates in permanent positions in various fields including IT, Financial Services, Accounting and Finance, Project Management, HR, Payroll, Administrative, Legal Professionals, Business Process Outsourcing, Pharmaceutical, and other roles.<\/p>\n<p>[\/vc_column_text]        <div class=\"row\">\r\n            <div class=\"col-md-12 careerfy-typo-wrap\">\r\n                <div class=\"careerfy-about-text\">\r\n                                        <p style=\"color: #000000;\"><\/p>\r\n                                            <a href=\"https:\/\/ants-humancapital.ro\/en\/our-values\/\"\r\n                           class=\"careerfy-static-btn careerfy-bgcolor\"><span>Our values<\/span><\/a>\r\n                                        <\/div>\r\n            <\/div>\r\n                    <\/div>\r\n        [\/vc_column][vc_column width=&#8221;1\/3&#8243; css=&#8221;.vc_custom_1602163433970{padding-left: 5% !important;}&#8221;][vc_single_image image=&#8221;575&#8243; img_size=&#8221;large&#8221; alignment=&#8221;center&#8221; css_animation=&#8221;fadeInRight&#8221;][\/vc_column][\/vc_row][vc_row css=&#8221;.vc_custom_1603106332532{padding-top: 3% !important;padding-right: 10% !important;padding-bottom: 3% !important;padding-left: 10% !important;background-color: #dfe2e2 !important;}&#8221;][vc_column css_animation=&#8221;fadeInUp&#8221;][vc_column_text]<\/p>\n<h1 style=\"text-align: center;\">Send us a message!<\/h1>\n<p>[\/vc_column_text][vc_column_text]<div class=\"forminator-ui forminator-custom-form forminator-custom-form-454 forminator-design--material forminator-enclosed forminator_ajax\" data-forminator-render=\"0\" data-form=\"forminator-module-454\"><br\/><\/div><form\n\t\t\t\tid=\"forminator-module-454\"\n\t\t\t\tclass=\"forminator-ui forminator-custom-form forminator-custom-form-454 forminator-design--material forminator-enclosed forminator_ajax\"\n\t\t\t\taction=\"\"\n\t\t\t\tmethod=\"post\"\n\t\t\t\tdata-forminator-render=\"0\"\n\t\t\t\tdata-form-id=\"454\"\n\t\t\t\t\n\t\t\t\tdata-design=\"material\"\n\t\t\t\t\n\t\t\t\t\n\t\t\t\t\n\t\t\t\tdata-grid=\"enclosed\"\n\t\t\t\tenctype=\"multipart\/form-data\"\n\t\t\t\t\n\t\t\t\tstyle=\"display: none;\" data-trp-original-action=\"\"\n\t\t\t><div class=\"forminator-response-message\" aria-hidden=\"true\"><\/div><div class=\"forminator-row\"><div id=\"name-1\" class=\"forminator-col forminator-col-12\"><div class=\"forminator-row\" data-multiple=\"true\"><div class=\"forminator-col forminator-col-12\"><div class=\"forminator-field\"><label for=\"forminator-field-first-name-1\" class=\"forminator-label\">First Name <span class=\"forminator-required\">*<\/span><\/label><input type=\"text\" name=\"name-1-first-name\" placeholder=\"First Name\" id=\"forminator-field-first-name-1\" class=\"forminator-input\" aria-required=\"true\" value=\"\" \/><\/div><\/div><\/div><div class=\"forminator-row\" data-multiple=\"true\"><div class=\"forminator-col forminator-col-12\"><div class=\"forminator-field\"><label for=\"forminator-field-last-name-1\" class=\"forminator-label\">Last Name <span class=\"forminator-required\">*<\/span><\/label><input type=\"text\" name=\"name-1-last-name\" placeholder=\"Last Name\" id=\"forminator-field-last-name-1\" class=\"forminator-input\" aria-required=\"true\" value=\"\" \/><\/div><\/div><\/div><\/div><\/div><div class=\"forminator-row\"><div id=\"email-1\" class=\"forminator-col forminator-col-12\"><div class=\"forminator-field\"><label for=\"forminator-field-email-1\" class=\"forminator-label\">Email <span class=\"forminator-required\">*<\/span><\/label><input type=\"email\" name=\"email-1\" value=\"\" placeholder=\"Email\" id=\"forminator-field-email-1\" class=\"forminator-input forminator-email--field\" data-required=\"true\" aria-required=\"true\" \/><\/div><\/div><\/div><div class=\"forminator-row\"><div id=\"phone-1\" class=\"forminator-col forminator-col-12\"><div class=\"forminator-field\"><label for=\"forminator-field-phone-1\" class=\"forminator-label\">Phone Number<\/label><input type=\"text\" name=\"phone-1\" value=\"\" placeholder=\"Phone Number\" id=\"forminator-field-phone-1\" class=\"forminator-input forminator-field--phone\" data-required=\"\" aria-required=\"false\" autocomplete=\"off\" \/><\/div><\/div><\/div><div class=\"forminator-row\"><div id=\"textarea-1\" class=\"forminator-col forminator-col-12\"><div class=\"forminator-field\"><label for=\"forminator-field-textarea-1\" class=\"forminator-label\">Message<\/label><textarea name=\"textarea-1\" placeholder=\"Message\" id=\"forminator-field-textarea-1\" class=\"forminator-textarea\" height=\"50\" style=\"min-height:px;\" ><\/textarea><span class=\"forminator-description\"><span data-limit=\"180\" data-type=\"characters\">0 \/ 180<\/span><\/span><\/div><\/div><\/div><div class=\"forminator-row\"><div id=\"gdprcheckbox-1\" class=\"forminator-col forminator-col-12  gdpr-text-form\"><div class=\"forminator-field\"><label for=\"forminator-field-gdprcheckbox-1-69f53033e6502\" class=\"forminator-label\">GDPR <span class=\"forminator-required\">*<\/span><\/label><label for=\"forminator-field-gdprcheckbox-1-69f53033e6502\" class=\"forminator-checkbox\"><input type=\"checkbox\" name=\"gdprcheckbox-1\" value=\"true\" id=\"forminator-field-gdprcheckbox-1-69f53033e6502\" data-required=\"true\" aria-required=\"true\" \/><span aria-hidden=\"true\"><\/span><span><p class=\" translation-block\"><p>I have read and I agree that my personal data, included in my resume, filled in by me on the platform or provided for recruitment purposes, shall be processed in accordance with the Privacy Policy available here (<a href=\"\/privacy-policy\/\">link<\/a>)<\/p><\/p>\n<p>* This consent is given voluntarily and can be revoked at any time in writing and without the need to provide a justification, by contacting us at office@ants-humancapital.ro.<\/p><\/span><\/label><\/div><\/div><\/div><div class=\"forminator-row\"><div id=\"upload-1\" class=\"forminator-col forminator-col-12\"><div class=\"forminator-field\"><div class=\"forminator-file-upload\" data-element=\"upload-1\"><input type=\"file\" name=\"upload-1\" id=\"forminator-field-upload-1\" class=\"forminator-input-file\" accept=\".jpg,.jpeg,.jpe,.gif,.png,.bmp,.tiff,.tif,.ico,.heic,.asf,.asx,.wmv,.wmx,.wm,.avi,.divx,.flv,.mov,.qt,.mpeg,.mpg,.mpe,.mp4,.m4v,.ogv,.webm,.mkv,.3gp,.3gpp,.3g2,.3gp2,.txt,.asc,.c,.cc,.h,.srt,.csv,.tsv,.ics,.rtx,.css,.htm,.html,.vtt,.dfxp,.mp3,.m4a,.m4b,.aac,.ra,.ram,.wav,.ogg,.oga,.flac,.mid,.midi,.wma,.wax,.mka,.rtf,.js,.pdf,.class,.tar,.zip,.gz,.gzip,.rar,.7z,.psd,.xcf,.doc,.pot,.pps,.ppt,.wri,.xla,.xls,.xlt,.xlw,.mdb,.mpp,.docx,.docm,.dotx,.dotm,.xlsx,.xlsm,.xlsb,.xltx,.xltm,.xlam,.pptx,.pptm,.ppsx,.ppsm,.potx,.potm,.ppam,.sldx,.sldm,.onetoc,.onetoc2,.onetmp,.onepkg,.oxps,.xps,.odt,.odp,.ods,.odg,.odc,.odb,.odf,.wp,.wpd,.key,.numbers,.pages,.redux,.svg,.json\"><button id=\"forminator-field-forminator-field-upload-1_button\" class=\"forminator-button forminator-button-upload\" data-id=\"forminator-field-upload-1\"><span>Choose File<\/span><span aria-hidden=\"true\"><\/span><\/button><span data-empty-text=\"No file chosen\">No file chosen<\/span><button class=\"forminator-button-delete\" style=\"display: none;\"><i class=\"forminator-icon-close\" aria-hidden=\"true\"><\/i><span class=\"forminator-screen-reader-only\">Delete uploaded file<\/span><\/button><\/div><\/div><\/div><\/div><div class=\"forminator-row\"><div id=\"captcha-1\" class=\"forminator-col forminator-col-12\"><div class=\"forminator-g-recaptcha\" data-theme=\"light\" data-sitekey=\"6LeCGtkZAAAAAN5Ycg7akmwI1LJ4-LF7oaVtIkJO\" data-size=\"normal\"><\/div><\/div><\/div><input type=\"hidden\" name=\"referer_url\" value=\"\" \/><div class=\"forminator-row\"><div class=\"forminator-col\"><div id=\"submit\" class=\"forminator-field\"><button class=\"forminator-button forminator-button-submit\"><span>Send Message<\/span><span aria-hidden=\"true\"><\/span><\/button><\/div><\/div><\/div><input type=\"hidden\" id=\"forminator_nonce\" name=\"forminator_nonce\" value=\"7993b8c050\" \/><input type=\"hidden\" name=\"_wp_http_referer\" value=\"\/en\/wp-json\/wp\/v2\/pages\/393\" \/><input type=\"hidden\" name=\"form_id\" value=\"454\"><input type=\"hidden\" name=\"page_id\" value=\"393\"><input type=\"hidden\" name=\"form_type\" value=\"default\"><input type=\"hidden\" name=\"current_url\" value=\"https:\/\/ants-humancapital.ro\/en\/wp-json\/wp\/v2\/pages\/393\/\"><input type=\"hidden\" name=\"render_id\" value=\"0\"><input type=\"hidden\" name=\"action\" value=\"forminator_submit_form_custom-forms\"><input type=\"hidden\" name=\"trp-form-language\" value=\"en\"\/><\/form>[\/vc_column_text][\/vc_column][\/vc_row]<\/p>","protected":false},"excerpt":{"rendered":"<p>[vc_row careerfy_container=&#8221;wide&#8221; css=&#8221;.vc_custom_1603096641886{padding-top: 5% !important;padding-bottom: 5% !important;}&#8221;][vc_column css_animation=&#8221;fadeInUp&#8221;][vc_column_text] Noi c\u0103ut\u0103m \u0219i g\u0103sim acul \u00een carul cu f\u00e2n! Noi credem c\u0103 talentele autentice se pot afla oriunde! [\/vc_column_text][\/vc_column][\/vc_row][vc_row careerfy_container=&#8221;wide&#8221; css=&#8221;.vc_custom_1603096612641{padding-right: 5% !important;padding-bottom: 3% !important;padding-left: 10% !important;}&#8221;][vc_column css_animation=&#8221;fadeInUp&#8221; width=&#8221;1\/2&#8243; css=&#8221;.vc_custom_1602161398790{padding-top: 5% !important;}&#8221;][vc_column_text] ANTS Human Capital ofer\u0103 servicii de recrutare pentru pozi\u021bii \u00een domeniul IT, servicii financiare, contabilitate&#8230;<\/p>","protected":false},"author":1,"featured_media":0,"parent":0,"menu_order":0,"comment_status":"closed","ping_status":"closed","template":"","meta":[],"yoast_head":"<!-- This site is optimized with the Yoast SEO plugin v15.1.1 - https:\/\/yoast.com\/wordpress\/plugins\/seo\/ -->\n<title>Ants Human Capital - Despre Noi<\/title>\n<meta name=\"description\" content=\"Suntem o echip\u0103 de profesioni\u0219ti HR si dezvolt\u0103m solu\u021bii customizate, ghida\u021bi de nevoile clien\u021bilor no\u0219tri.\" \/>\n<meta name=\"robots\" content=\"index, follow, max-snippet:-1, max-image-preview:large, max-video-preview:-1\" \/>\n<link rel=\"canonical\" href=\"https:\/\/ants-humancapital.ro\/en\/about\/\" \/>\n<meta property=\"og:locale\" content=\"en_GB\" \/>\n<meta property=\"og:type\" content=\"article\" \/>\n<meta property=\"og:title\" content=\"Ants Human Capital - Despre Noi\" \/>\n<meta property=\"og:description\" content=\"Suntem o echip\u0103 de profesioni\u0219ti HR si dezvolt\u0103m solu\u021bii customizate, ghida\u021bi de nevoile clien\u021bilor no\u0219tri.\" \/>\n<meta property=\"og:url\" content=\"https:\/\/ants-humancapital.ro\/en\/about\/\" \/>\n<meta property=\"og:site_name\" content=\"Ants Human Capital\" \/>\n<meta property=\"article:modified_time\" content=\"2020-10-23T13:47:03+00:00\" \/>\n<meta name=\"twitter:card\" content=\"summary_large_image\" \/>\n<script type=\"application\/ld+json\" class=\"yoast-schema-graph\">{\"@context\":\"https:\/\/schema.org\",\"@graph\":[{\"@type\":\"Organization\",\"@id\":\"https:\/\/ants-humancapital.ro\/en\/#organization\",\"name\":\"ANTS Human Capital\",\"url\":\"https:\/\/ants-humancapital.ro\/en\/\",\"sameAs\":[],\"logo\":{\"@type\":\"ImageObject\",\"@id\":\"https:\/\/ants-humancapital.ro\/en\/#logo\",\"inLanguage\":\"en-GB\",\"url\":\"https:\/\/ants-humancapital.ro\/wp-content\/uploads\/2020\/10\/Logo_HighRes_V2.png\",\"width\":490,\"height\":550,\"caption\":\"ANTS Human Capital\"},\"image\":{\"@id\":\"https:\/\/ants-humancapital.ro\/en\/#logo\"}},{\"@type\":\"WebSite\",\"@id\":\"https:\/\/ants-humancapital.ro\/en\/#website\",\"url\":\"https:\/\/ants-humancapital.ro\/en\/\",\"name\":\"Ants Human Capital\",\"description\":\"Ants Human Capital\",\"publisher\":{\"@id\":\"https:\/\/ants-humancapital.ro\/en\/#organization\"},\"potentialAction\":[{\"@type\":\"SearchAction\",\"target\":\"https:\/\/ants-humancapital.ro\/en\/?s={search_term_string}\",\"query-input\":\"required name=search_term_string\"}],\"inLanguage\":\"en-GB\"},{\"@type\":\"WebPage\",\"@id\":\"https:\/\/ants-humancapital.ro\/about\/#webpage\",\"url\":\"https:\/\/ants-humancapital.ro\/about\/\",\"name\":\"Ants Human Capital - Despre Noi\",\"isPartOf\":{\"@id\":\"https:\/\/ants-humancapital.ro\/en\/#website\"},\"datePublished\":\"2020-09-25T08:24:45+00:00\",\"dateModified\":\"2020-10-23T13:47:03+00:00\",\"description\":\"Suntem o echip\\u0103 de profesioni\\u0219ti HR si dezvolt\\u0103m solu\\u021bii customizate, ghida\\u021bi de nevoile clien\\u021bilor no\\u0219tri.\",\"inLanguage\":\"en-GB\",\"potentialAction\":[{\"@type\":\"ReadAction\",\"target\":[\"https:\/\/ants-humancapital.ro\/about\/\"]}]}]}<\/script>\n<!-- \/ Yoast SEO plugin. -->","_links":{"self":[{"href":"https:\/\/ants-humancapital.ro\/en\/wp-json\/wp\/v2\/pages\/393"}],"collection":[{"href":"https:\/\/ants-humancapital.ro\/en\/wp-json\/wp\/v2\/pages"}],"about":[{"href":"https:\/\/ants-humancapital.ro\/en\/wp-json\/wp\/v2\/types\/page"}],"author":[{"embeddable":true,"href":"https:\/\/ants-humancapital.ro\/en\/wp-json\/wp\/v2\/users\/1"}],"replies":[{"embeddable":true,"href":"https:\/\/ants-humancapital.ro\/en\/wp-json\/wp\/v2\/comments?post=393"}],"version-history":[{"count":43,"href":"https:\/\/ants-humancapital.ro\/en\/wp-json\/wp\/v2\/pages\/393\/revisions"}],"predecessor-version":[{"id":978,"href":"https:\/\/ants-humancapital.ro\/en\/wp-json\/wp\/v2\/pages\/393\/revisions\/978"}],"wp:attachment":[{"href":"https:\/\/ants-humancapital.ro\/en\/wp-json\/wp\/v2\/media?parent=393"}],"curies":[{"name":"wp","href":"https:\/\/api.w.org\/{rel}","templated":true}]}}