{"id":405,"date":"2020-09-25T11:16:43","date_gmt":"2020-09-25T09:16:43","guid":{"rendered":"https:\/\/ants-humancapital.ro\/?page_id=405"},"modified":"2020-10-23T14:46:04","modified_gmt":"2020-10-23T12:46:04","slug":"blog","status":"publish","type":"page","link":"https:\/\/ants-humancapital.ro\/en\/blog\/","title":{"rendered":"Blog"},"content":{"rendered":"<p>[vc_row careerfy_container=&#8221;wide&#8221;][vc_column]\n\t\t\t<!-- START Blog REVOLUTION SLIDER 6.2.23 --><p class=\"rs-p-wp-fix\"><\/p>\n\t\t\t<rs-module-wrap id=\"rev_slider_5_1_wrapper\" data-source=\"gallery\" style=\"background:transparent;padding:0;margin:0px auto;margin-top:0;margin-bottom:0;\">\n\t\t\t\t<rs-module id=\"rev_slider_5_1\" style=\"\" data-version=\"6.2.23\">\n\t\t\t\t\t<rs-slides>\n\t\t\t\t\t\t<rs-slide data-key=\"rs-5\" data-title=\"Slide\" data-anim=\"ei:d;eo:d;s:3000;r:0;t:fade;sl:0;\">\n\t\t\t\t\t\t\t<img src=\"\/\/ants-humancapital.ro\/wp-content\/plugins\/revslider\/public\/assets\/assets\/transparent.png\" alt=\"Slide\" title=\"Blog\" data-parallax=\"off\" class=\"rev-slidebg\" data-no-retina>\n<!--\n\t\t\t\t\t\t\t--><rs-layer\n\t\t\t\t\t\t\t\tid=\"slider-5-slide-5-layer-0\" \n\t\t\t\t\t\t\t\tdata-type=\"image\"\n\t\t\t\t\t\t\t\tdata-rsp_ch=\"on\"\n\t\t\t\t\t\t\t\tdata-xy=\"xo:-3px,-2px,-4px,-124px;yo:-121px,-87px,-18px,2px;\"\n\t\t\t\t\t\t\t\tdata-text=\"w:normal;s:20,16,12,7;l:0,20,15,9;\"\n\t\t\t\t\t\t\t\tdata-dim=\"w:1248px,1030px,785px,750px;h:832px,687px,523px,500px;\"\n\t\t\t\t\t\t\t\tdata-frame_999=\"o:0;st:w;sR:8700;\"\n\t\t\t\t\t\t\t\tstyle=\"z-index:8;\"\n\t\t\t\t\t\t\t><img src=\"\/\/ants-humancapital.ro\/wp-content\/uploads\/2020\/10\/Blog-min-scaled.jpg\" width=\"2560\" height=\"1707\" data-no-retina> \n\t\t\t\t\t\t\t<\/rs-layer><!--\n-->\t\t\t\t\t\t<\/rs-slide>\n\t\t\t\t\t<\/rs-slides>\n\t\t\t\t<\/rs-module>\n\t\t\t\t<script type=\"text\/javascript\">\n\t\t\t\t\tsetREVStartSize({c: 'rev_slider_5_1',rl:[1240,1024,778,480],el:[501,500,500,500],gw:[1240,1024,778,480],gh:[500,500,500,500],type:'standard',justify:'',layout:'fullwidth',mh:\"0\"});\n\t\t\t\t\tvar\trevapi5,\n\t\t\t\t\t\ttpj;\n\t\t\t\t\tfunction revinit_revslider51() {\n\t\t\t\t\tjQuery(function() {\n\t\t\t\t\t\ttpj = jQuery;\n\t\t\t\t\t\trevapi5 = tpj(\"#rev_slider_5_1\");\n\t\t\t\t\t\tif(revapi5==undefined || revapi5.revolution == undefined){\n\t\t\t\t\t\t\trevslider_showDoubleJqueryError(\"rev_slider_5_1\");\n\t\t\t\t\t\t}else{\n\t\t\t\t\t\t\trevapi5.revolution({\n\t\t\t\t\t\t\t\tsliderLayout:\"fullwidth\",\n\t\t\t\t\t\t\t\tvisibilityLevels:\"1240,1024,778,480\",\n\t\t\t\t\t\t\t\tgridwidth:\"1240,1024,778,480\",\n\t\t\t\t\t\t\t\tgridheight:\"500,500,500,500\",\n\t\t\t\t\t\t\t\tautoHeight:true,\n\t\t\t\t\t\t\t\tenableUpscaling:true,\n\t\t\t\t\t\t\t\tspinner:\"spinner0\",\n\t\t\t\t\t\t\t\tperspective:600,\n\t\t\t\t\t\t\t\tperspectiveType:\"global\",\n\t\t\t\t\t\t\t\teditorheight:\"501,500,500,500\",\n\t\t\t\t\t\t\t\tresponsiveLevels:\"1240,1024,778,480\",\n\t\t\t\t\t\t\t\tprogressBar:{disableProgressBar:true},\n\t\t\t\t\t\t\t\tnavigation: {\n\t\t\t\t\t\t\t\t\tonHoverStop:false\n\t\t\t\t\t\t\t\t},\n\t\t\t\t\t\t\t\tparallax: {\n\t\t\t\t\t\t\t\t\tlevels:[5,10,15,20,25,30,35,40,45,46,47,48,49,50,51,30],\n\t\t\t\t\t\t\t\t\ttype:\"scroll\",\n\t\t\t\t\t\t\t\t\torigo:\"slidercenter\",\n\t\t\t\t\t\t\t\t\tspeed:0\n\t\t\t\t\t\t\t\t},\n\t\t\t\t\t\t\t\tfallbacks: {\n\t\t\t\t\t\t\t\t\tallowHTML5AutoPlayOnAndroid:true\n\t\t\t\t\t\t\t\t},\n\t\t\t\t\t\t\t});\n\t\t\t\t\t\t}\n\t\t\t\t\t\t\n\t\t\t\t\t});\n\t\t\t\t\t} \/\/ End of RevInitScript\n\t\t\t\tvar once_revslider51 = false;\n\t\t\t\tif (document.readyState === \"loading\") {document.addEventListener('readystatechange',function() { if((document.readyState === \"interactive\" || document.readyState === \"complete\") && !once_revslider51 ) { once_revslider51 = true; revinit_revslider51();}});} else {once_revslider51 = true; revinit_revslider51();}\n\t\t\t\t<\/script>\n\t\t\t<\/rs-module-wrap>\n\t\t\t<!-- END REVOLUTION SLIDER -->\n[\/vc_column][\/vc_row][vc_row css=&#8221;.vc_custom_1601360213151{padding-top: 2% !important;}&#8221;][vc_column]No post found.[\/vc_column][\/vc_row]<\/p>","protected":false},"excerpt":{"rendered":"<p>[vc_row careerfy_container=&#8221;wide&#8221;][vc_column][\/vc_column][\/vc_row][vc_row css=&#8221;.vc_custom_1601360213151{padding-top: 2% !important;}&#8221;][vc_column][\/vc_column][\/vc_row]<\/p>","protected":false},"author":1,"featured_media":0,"parent":0,"menu_order":0,"comment_status":"closed","ping_status":"closed","template":"","meta":[],"yoast_head":"<!-- This site is optimized with the Yoast SEO plugin v15.1.1 - https:\/\/yoast.com\/wordpress\/plugins\/seo\/ -->\n<title>Ants Human Capital - Blog<\/title>\n<meta name=\"description\" content=\"Punem sub semnul \u00eentreb\u0103rii recrutarea tradi\u021bional\u0103, realiz\u00e2nd o strategie de sourcing distinct\u0103, pentru fiecare proiect \u00een parte. Vezi articolele noastre!\" \/>\n<meta name=\"robots\" content=\"index, follow, max-snippet:-1, max-image-preview:large, max-video-preview:-1\" \/>\n<link rel=\"canonical\" href=\"https:\/\/ants-humancapital.ro\/en\/blog\/\" \/>\n<meta property=\"og:locale\" content=\"en_GB\" \/>\n<meta property=\"og:type\" content=\"article\" \/>\n<meta property=\"og:title\" content=\"Ants Human Capital - Blog\" \/>\n<meta property=\"og:description\" content=\"Punem sub semnul \u00eentreb\u0103rii recrutarea tradi\u021bional\u0103, realiz\u00e2nd o strategie de sourcing distinct\u0103, pentru fiecare proiect \u00een parte. Vezi articolele noastre!\" \/>\n<meta property=\"og:url\" content=\"https:\/\/ants-humancapital.ro\/en\/blog\/\" \/>\n<meta property=\"og:site_name\" content=\"Ants Human Capital\" \/>\n<meta property=\"article:modified_time\" content=\"2020-10-23T12:46:04+00:00\" \/>\n<meta name=\"twitter:card\" content=\"summary_large_image\" \/>\n<script type=\"application\/ld+json\" class=\"yoast-schema-graph\">{\"@context\":\"https:\/\/schema.org\",\"@graph\":[{\"@type\":\"Organization\",\"@id\":\"https:\/\/ants-humancapital.ro\/en\/#organization\",\"name\":\"ANTS Human Capital\",\"url\":\"https:\/\/ants-humancapital.ro\/en\/\",\"sameAs\":[],\"logo\":{\"@type\":\"ImageObject\",\"@id\":\"https:\/\/ants-humancapital.ro\/en\/#logo\",\"inLanguage\":\"en-GB\",\"url\":\"https:\/\/ants-humancapital.ro\/wp-content\/uploads\/2020\/10\/Logo_HighRes_V2.png\",\"width\":490,\"height\":550,\"caption\":\"ANTS Human Capital\"},\"image\":{\"@id\":\"https:\/\/ants-humancapital.ro\/en\/#logo\"}},{\"@type\":\"WebSite\",\"@id\":\"https:\/\/ants-humancapital.ro\/en\/#website\",\"url\":\"https:\/\/ants-humancapital.ro\/en\/\",\"name\":\"Ants Human Capital\",\"description\":\"Ants Human Capital\",\"publisher\":{\"@id\":\"https:\/\/ants-humancapital.ro\/en\/#organization\"},\"potentialAction\":[{\"@type\":\"SearchAction\",\"target\":\"https:\/\/ants-humancapital.ro\/en\/?s={search_term_string}\",\"query-input\":\"required name=search_term_string\"}],\"inLanguage\":\"en-GB\"},{\"@type\":\"WebPage\",\"@id\":\"https:\/\/ants-humancapital.ro\/blog\/#webpage\",\"url\":\"https:\/\/ants-humancapital.ro\/blog\/\",\"name\":\"Ants Human Capital - Blog\",\"isPartOf\":{\"@id\":\"https:\/\/ants-humancapital.ro\/en\/#website\"},\"datePublished\":\"2020-09-25T09:16:43+00:00\",\"dateModified\":\"2020-10-23T12:46:04+00:00\",\"description\":\"Punem sub semnul \\u00eentreb\\u0103rii recrutarea tradi\\u021bional\\u0103, realiz\\u00e2nd o strategie de sourcing distinct\\u0103, pentru fiecare proiect \\u00een parte. Vezi articolele noastre!\",\"inLanguage\":\"en-GB\",\"potentialAction\":[{\"@type\":\"ReadAction\",\"target\":[\"https:\/\/ants-humancapital.ro\/blog\/\"]}]}]}<\/script>\n<!-- \/ Yoast SEO plugin. -->","_links":{"self":[{"href":"https:\/\/ants-humancapital.ro\/en\/wp-json\/wp\/v2\/pages\/405"}],"collection":[{"href":"https:\/\/ants-humancapital.ro\/en\/wp-json\/wp\/v2\/pages"}],"about":[{"href":"https:\/\/ants-humancapital.ro\/en\/wp-json\/wp\/v2\/types\/page"}],"author":[{"embeddable":true,"href":"https:\/\/ants-humancapital.ro\/en\/wp-json\/wp\/v2\/users\/1"}],"replies":[{"embeddable":true,"href":"https:\/\/ants-humancapital.ro\/en\/wp-json\/wp\/v2\/comments?post=405"}],"version-history":[{"count":7,"href":"https:\/\/ants-humancapital.ro\/en\/wp-json\/wp\/v2\/pages\/405\/revisions"}],"predecessor-version":[{"id":588,"href":"https:\/\/ants-humancapital.ro\/en\/wp-json\/wp\/v2\/pages\/405\/revisions\/588"}],"wp:attachment":[{"href":"https:\/\/ants-humancapital.ro\/en\/wp-json\/wp\/v2\/media?parent=405"}],"curies":[{"name":"wp","href":"https:\/\/api.w.org\/{rel}","templated":true}]}}