{"id":412,"date":"2020-09-25T11:18:39","date_gmt":"2020-09-25T09:18:39","guid":{"rendered":"https:\/\/ants-humancapital.ro\/?page_id=412"},"modified":"2023-07-20T10:31:12","modified_gmt":"2023-07-20T07:31:12","slug":"team","status":"publish","type":"page","link":"https:\/\/ants-humancapital.ro\/en\/team\/","title":{"rendered":"Our Team"},"content":{"rendered":"<p>[vc_row css=&#8221;.vc_custom_1602738085931{padding-top: 5% !important;padding-bottom: 5% !important;}&#8221;][vc_column css_animation=&#8221;fadeInLeft&#8221; width=&#8221;2\/3&#8243;][vc_column_text]<\/p>\n<h1 style=\"text-align: left;\">MIHAELA MARTA<\/h1>\n<h3 style=\"text-align: left;\">Managing Partner<\/h3>\n<p>&nbsp;<\/p>\n<p style=\"color: black; text-align: justify;\">Mihaela Marta is a proficient HR Professional with more than 10 years of experience in HR Field. In the last three years, she has occupied the role of Deputy HR Manager within an important player in FMCG domain.<br \/>\nThe main area of expertise is recruitment processes for all levels, but also being involved and managing all HR processes: Performance management, Compensations and benefits, Training and Administration of personnel.<br \/>\nShe is a very communicative and adaptable professional, being exposed to various domains related to national and multinational companies.<\/p>\n<p>[\/vc_column_text][vc_row_inner][vc_column_inner width=&#8221;1\/6&#8243;][vc_icon icon_fontawesome=&#8221;fab fa-linkedin&#8221; color=&#8221;custom&#8221; link=&#8221;url:https%3A%2F%2Fwww.linkedin.com%2Fin%2Fmihaela-marta-9171a041%2F&#8221; custom_color=&#8221;#7c6442&#8243;][\/vc_column_inner][vc_column_inner width=&#8221;1\/6&#8243;][vc_icon icon_fontawesome=&#8221;fas fa-envelope&#8221; color=&#8221;custom&#8221; link=&#8221;url:mailto%3Amihaela.marta%40ants-humancapital.ro&#8221; custom_color=&#8221;#7c6442&#8243;][\/vc_column_inner][vc_column_inner width=&#8221;1\/6&#8243;][vc_icon icon_fontawesome=&#8221;careerfy-icon careerfy-phone&#8221; color=&#8221;custom&#8221; link=&#8221;url:tel%3A%2B40739852688|title:%2B40739852688&#8243; custom_color=&#8221;#7c6442&#8243;][\/vc_column_inner][vc_column_inner width=&#8221;1\/6&#8243;][\/vc_column_inner][vc_column_inner width=&#8221;1\/6&#8243;][\/vc_column_inner][vc_column_inner width=&#8221;1\/6&#8243;][\/vc_column_inner][\/vc_row_inner][\/vc_column][vc_column css_animation=&#8221;fadeInRight&#8221; width=&#8221;1\/3&#8243;][vc_single_image image=&#8221;1182&#8243; img_size=&#8221;full&#8221; alignment=&#8221;center&#8221;][\/vc_column][\/vc_row]<\/p>","protected":false},"excerpt":{"rendered":"<p>[vc_row css=&#8221;.vc_custom_1602738085931{padding-top: 5% !important;padding-bottom: 5% !important;}&#8221;][vc_column css_animation=&#8221;fadeInLeft&#8221; width=&#8221;2\/3&#8243;][vc_column_text] MIHAELA MARTA Managing Partner &nbsp; Mihaela Marta este un profesionist \u00een domeniul resurselor umane cu peste 10 ani experien\u021b\u0103 \u00een acest domeniu. \u00cen ultimii trei ani, a ocupat rolul de Manager Adjunct Resurse Umane \u00een cadrul unei companii de prestigiu din domeniul FMCG. Domeniul principal de expertiz\u0103&#8230;<\/p>","protected":false},"author":1,"featured_media":0,"parent":0,"menu_order":0,"comment_status":"closed","ping_status":"closed","template":"","meta":[],"yoast_head":"<!-- This site is optimized with the Yoast SEO plugin v15.1.1 - https:\/\/yoast.com\/wordpress\/plugins\/seo\/ -->\n<title>Ants Human Capital - Echipa Noastr\u0103<\/title>\n<meta name=\"description\" content=\"Suntem o echip\u0103 de profesioni\u0219ti HR si dezvolt\u0103m solu\u021bii customizate, ghida\u021bi de nevoile clien\u021bilor no\u0219tri.\" \/>\n<meta name=\"robots\" content=\"index, follow, max-snippet:-1, max-image-preview:large, max-video-preview:-1\" \/>\n<link rel=\"canonical\" href=\"https:\/\/ants-humancapital.ro\/en\/team\/\" \/>\n<meta property=\"og:locale\" content=\"en_GB\" \/>\n<meta property=\"og:type\" content=\"article\" \/>\n<meta property=\"og:title\" content=\"Ants Human Capital - Echipa Noastr\u0103\" \/>\n<meta property=\"og:description\" content=\"Suntem o echip\u0103 de profesioni\u0219ti HR si dezvolt\u0103m solu\u021bii customizate, ghida\u021bi de nevoile clien\u021bilor no\u0219tri.\" \/>\n<meta property=\"og:url\" content=\"https:\/\/ants-humancapital.ro\/en\/team\/\" \/>\n<meta property=\"og:site_name\" content=\"Ants Human Capital\" \/>\n<meta property=\"article:modified_time\" content=\"2023-07-20T07:31:12+00:00\" \/>\n<meta name=\"twitter:card\" content=\"summary_large_image\" \/>\n<script type=\"application\/ld+json\" class=\"yoast-schema-graph\">{\"@context\":\"https:\/\/schema.org\",\"@graph\":[{\"@type\":\"Organization\",\"@id\":\"https:\/\/ants-humancapital.ro\/en\/#organization\",\"name\":\"ANTS Human Capital\",\"url\":\"https:\/\/ants-humancapital.ro\/en\/\",\"sameAs\":[],\"logo\":{\"@type\":\"ImageObject\",\"@id\":\"https:\/\/ants-humancapital.ro\/en\/#logo\",\"inLanguage\":\"en-GB\",\"url\":\"https:\/\/ants-humancapital.ro\/wp-content\/uploads\/2020\/10\/Logo_HighRes_V2.png\",\"width\":490,\"height\":550,\"caption\":\"ANTS Human Capital\"},\"image\":{\"@id\":\"https:\/\/ants-humancapital.ro\/en\/#logo\"}},{\"@type\":\"WebSite\",\"@id\":\"https:\/\/ants-humancapital.ro\/en\/#website\",\"url\":\"https:\/\/ants-humancapital.ro\/en\/\",\"name\":\"Ants Human Capital\",\"description\":\"Ants Human Capital\",\"publisher\":{\"@id\":\"https:\/\/ants-humancapital.ro\/en\/#organization\"},\"potentialAction\":[{\"@type\":\"SearchAction\",\"target\":\"https:\/\/ants-humancapital.ro\/en\/?s={search_term_string}\",\"query-input\":\"required name=search_term_string\"}],\"inLanguage\":\"en-GB\"},{\"@type\":\"WebPage\",\"@id\":\"https:\/\/ants-humancapital.ro\/team\/#webpage\",\"url\":\"https:\/\/ants-humancapital.ro\/team\/\",\"name\":\"Ants Human Capital - Echipa Noastr\\u0103\",\"isPartOf\":{\"@id\":\"https:\/\/ants-humancapital.ro\/en\/#website\"},\"datePublished\":\"2020-09-25T09:18:39+00:00\",\"dateModified\":\"2023-07-20T07:31:12+00:00\",\"description\":\"Suntem o echip\\u0103 de profesioni\\u0219ti HR si dezvolt\\u0103m solu\\u021bii customizate, ghida\\u021bi de nevoile clien\\u021bilor no\\u0219tri.\",\"inLanguage\":\"en-GB\",\"potentialAction\":[{\"@type\":\"ReadAction\",\"target\":[\"https:\/\/ants-humancapital.ro\/team\/\"]}]}]}<\/script>\n<!-- \/ Yoast SEO plugin. -->","_links":{"self":[{"href":"https:\/\/ants-humancapital.ro\/en\/wp-json\/wp\/v2\/pages\/412"}],"collection":[{"href":"https:\/\/ants-humancapital.ro\/en\/wp-json\/wp\/v2\/pages"}],"about":[{"href":"https:\/\/ants-humancapital.ro\/en\/wp-json\/wp\/v2\/types\/page"}],"author":[{"embeddable":true,"href":"https:\/\/ants-humancapital.ro\/en\/wp-json\/wp\/v2\/users\/1"}],"replies":[{"embeddable":true,"href":"https:\/\/ants-humancapital.ro\/en\/wp-json\/wp\/v2\/comments?post=412"}],"version-history":[{"count":42,"href":"https:\/\/ants-humancapital.ro\/en\/wp-json\/wp\/v2\/pages\/412\/revisions"}],"predecessor-version":[{"id":1413,"href":"https:\/\/ants-humancapital.ro\/en\/wp-json\/wp\/v2\/pages\/412\/revisions\/1413"}],"wp:attachment":[{"href":"https:\/\/ants-humancapital.ro\/en\/wp-json\/wp\/v2\/media?parent=412"}],"curies":[{"name":"wp","href":"https:\/\/api.w.org\/{rel}","templated":true}]}}